{"id":8,"date":"2021-09-03T21:03:08","date_gmt":"2021-09-03T19:03:08","guid":{"rendered":"http:\/\/bhovjev.cluster031.hosting.ovh.net\/?page_id=8"},"modified":"2022-11-28T13:50:49","modified_gmt":"2022-11-28T12:50:49","slug":"a-propos-de","status":"publish","type":"page","link":"https:\/\/chapeauxencampagne.com\/index.php\/a-propos-de\/","title":{"rendered":"A propos de ."},"content":{"rendered":"\t\t<div data-elementor-type=\"wp-page\" data-elementor-id=\"8\" class=\"elementor elementor-8\">\n\t\t\t\t\t\t\t\t\t<section class=\"elementor-section elementor-top-section elementor-element elementor-element-5fbf4aa elementor-section-boxed elementor-section-height-default elementor-section-height-default\" data-id=\"5fbf4aa\" data-element_type=\"section\">\n\t\t\t\t\t\t<div class=\"elementor-container elementor-column-gap-default\">\n\t\t\t\t\t<div class=\"elementor-column elementor-col-50 elementor-top-column elementor-element elementor-element-ab4d5ff\" data-id=\"ab4d5ff\" data-element_type=\"column\">\n\t\t\t<div class=\"elementor-widget-wrap elementor-element-populated\">\n\t\t\t\t\t\t\t\t<div class=\"elementor-element elementor-element-946c4b3 elementor-widget elementor-widget-text-editor\" data-id=\"946c4b3\" data-element_type=\"widget\" data-widget_type=\"text-editor.default\">\n\t\t\t\t<div class=\"elementor-widget-container\">\n\t\t\t<style>\/*! elementor - v3.11.3 - 07-03-2023 *\/\n.elementor-widget-text-editor.elementor-drop-cap-view-stacked .elementor-drop-cap{background-color:#818a91;color:#fff}.elementor-widget-text-editor.elementor-drop-cap-view-framed .elementor-drop-cap{color:#818a91;border:3px solid;background-color:transparent}.elementor-widget-text-editor:not(.elementor-drop-cap-view-default) .elementor-drop-cap{margin-top:8px}.elementor-widget-text-editor:not(.elementor-drop-cap-view-default) .elementor-drop-cap-letter{width:1em;height:1em}.elementor-widget-text-editor .elementor-drop-cap{float:left;text-align:center;line-height:1;font-size:50px}.elementor-widget-text-editor .elementor-drop-cap-letter{display:inline-block}<\/style>\t\t\t\tMODISTE<br>Form\u00e9e par une modiste passionn\u00e9e et g\u00e9n\u00e9reuse de son art et de son exp\u00e9rience, j&rsquo;ai pass\u00e9 mon CAP modiste Chapellerie au lyc\u00e9e des arts de la mode, \u00e0 Paris 16 en 2015.<br><p><span style=\"color: var( --e-global-color-text ); font-family: var( --e-global-typography-text-font-family ), Sans-serif; font-weight: var( --e-global-typography-text-font-weight );\">Apr\u00e8s un passage de quelques ann\u00e9es aux Etats-Unis o\u00f9 je cr\u00e9ais des chapeaux destin\u00e9s \u00e0 \u00eatre port\u00e9s sur les champs de courses en Virginie, je suis revenue en Normandie et ai lanc\u00e9 ma marque Chapeaux en campagne.<\/span>.<\/p>\t\t\t\t\t\t<\/div>\n\t\t\t\t<\/div>\n\t\t\t\t\t<\/div>\n\t\t<\/div>\n\t\t\t\t<div class=\"elementor-column elementor-col-50 elementor-top-column elementor-element elementor-element-e632c4c\" data-id=\"e632c4c\" data-element_type=\"column\">\n\t\t\t<div class=\"elementor-widget-wrap elementor-element-populated\">\n\t\t\t\t\t\t\t\t<div class=\"elementor-element elementor-element-e2d5e0f elementor-widget elementor-widget-wpzoom-elementor-addons-image-box\" data-id=\"e2d5e0f\" data-element_type=\"widget\" data-widget_type=\"wpzoom-elementor-addons-image-box.default\">\n\t\t\t\t<div class=\"elementor-widget-container\">\n\t\t\t\t\t<div class=\"wpzoom-elementor-addons-image-box\">\n\t\t\t<h3>\n\t\t\t\t<span class=\"wpzoom-elementor-addons-image-box-link not-linked has-image\" style=\"background-image:url('https:\/\/chapeauxencampagne.com\/wp-content\/uploads\/2022\/11\/Portrait-Ovale-scaled.jpg');\"><span><strong><\/strong><\/span><\/span>\t\t\t<\/h3>\n\t\t<\/div><!-- \/\/.wpzoom-elementor-addons-image-box -->\n\t\t\t\t<\/div>\n\t\t\t\t<\/div>\n\t\t\t\t\t<\/div>\n\t\t<\/div>\n\t\t\t\t\t\t\t<\/div>\n\t\t<\/section>\n\t\t\t\t\t\t\t<\/div>\n\t\t","protected":false},"excerpt":{"rendered":"<p>MODISTEForm\u00e9e par une modiste passionn\u00e9e et g\u00e9n\u00e9reuse de son art et de son exp\u00e9rience, j&rsquo;ai pass\u00e9 mon CAP modiste Chapellerie au lyc\u00e9e des arts de la mode, \u00e0 Paris 16 en 2015. Apr\u00e8s un passage de quelques ann\u00e9es aux Etats-Unis o\u00f9 je cr\u00e9ais des chapeaux destin\u00e9s \u00e0 \u00eatre port\u00e9s sur les champs de courses en &hellip; <\/p>\n<p class=\"link-more\"><a href=\"https:\/\/chapeauxencampagne.com\/index.php\/a-propos-de\/\" class=\"more-link\">Lire la suite de<span class=\"screen-reader-text\">\u00ab\u00a0A propos de .\u00a0\u00bb<\/span><\/a><\/p>\n","protected":false},"author":1,"featured_media":13,"parent":0,"menu_order":0,"comment_status":"closed","ping_status":"closed","template":"","meta":[],"featured_media_urls":{"thumbnail":["https:\/\/chapeauxencampagne.com\/wp-content\/uploads\/2021\/09\/cropped-IMG_2761-scaled-1-150x150.jpg",150,150,true],"medium":["https:\/\/chapeauxencampagne.com\/wp-content\/uploads\/2021\/09\/cropped-IMG_2761-scaled-1-300x180.jpg",300,180,true],"medium_large":["https:\/\/chapeauxencampagne.com\/wp-content\/uploads\/2021\/09\/cropped-IMG_2761-scaled-1-768x460.jpg",768,460,true],"large":["https:\/\/chapeauxencampagne.com\/wp-content\/uploads\/2021\/09\/cropped-IMG_2761-scaled-1-1024x614.jpg",950,570,true],"1536x1536":["https:\/\/chapeauxencampagne.com\/wp-content\/uploads\/2021\/09\/cropped-IMG_2761-scaled-1-1536x921.jpg",1536,921,true],"2048x2048":["https:\/\/chapeauxencampagne.com\/wp-content\/uploads\/2021\/09\/cropped-IMG_2761-scaled-1.jpg",2000,1199,false],"inspiro-featured-image":["https:\/\/chapeauxencampagne.com\/wp-content\/uploads\/2021\/09\/cropped-IMG_2761-scaled-1.jpg",2000,1199,false],"inspiro-loop":["https:\/\/chapeauxencampagne.com\/wp-content\/uploads\/2021\/09\/cropped-IMG_2761-scaled-1-950x320.jpg",950,320,true],"inspiro-loop@2x":["https:\/\/chapeauxencampagne.com\/wp-content\/uploads\/2021\/09\/cropped-IMG_2761-scaled-1.jpg",1068,640,false],"portfolio_item-thumbnail":["https:\/\/chapeauxencampagne.com\/wp-content\/uploads\/2021\/09\/cropped-IMG_2761-scaled-1.jpg",600,360,false],"portfolio_item-masonry":["https:\/\/chapeauxencampagne.com\/wp-content\/uploads\/2021\/09\/cropped-IMG_2761-scaled-1.jpg",600,360,false],"portfolio_item-thumbnail_cinema":["https:\/\/chapeauxencampagne.com\/wp-content\/uploads\/2021\/09\/cropped-IMG_2761-scaled-1.jpg",559,335,false],"portfolio_item-thumbnail_portrait":["https:\/\/chapeauxencampagne.com\/wp-content\/uploads\/2021\/09\/cropped-IMG_2761-scaled-1.jpg",600,360,false],"portfolio_item-thumbnail_square":["https:\/\/chapeauxencampagne.com\/wp-content\/uploads\/2021\/09\/cropped-IMG_2761-scaled-1.jpg",800,480,false]},"_links":{"self":[{"href":"https:\/\/chapeauxencampagne.com\/index.php\/wp-json\/wp\/v2\/pages\/8"}],"collection":[{"href":"https:\/\/chapeauxencampagne.com\/index.php\/wp-json\/wp\/v2\/pages"}],"about":[{"href":"https:\/\/chapeauxencampagne.com\/index.php\/wp-json\/wp\/v2\/types\/page"}],"author":[{"embeddable":true,"href":"https:\/\/chapeauxencampagne.com\/index.php\/wp-json\/wp\/v2\/users\/1"}],"replies":[{"embeddable":true,"href":"https:\/\/chapeauxencampagne.com\/index.php\/wp-json\/wp\/v2\/comments?post=8"}],"version-history":[{"count":13,"href":"https:\/\/chapeauxencampagne.com\/index.php\/wp-json\/wp\/v2\/pages\/8\/revisions"}],"predecessor-version":[{"id":162,"href":"https:\/\/chapeauxencampagne.com\/index.php\/wp-json\/wp\/v2\/pages\/8\/revisions\/162"}],"wp:featuredmedia":[{"embeddable":true,"href":"https:\/\/chapeauxencampagne.com\/index.php\/wp-json\/wp\/v2\/media\/13"}],"wp:attachment":[{"href":"https:\/\/chapeauxencampagne.com\/index.php\/wp-json\/wp\/v2\/media?parent=8"}],"curies":[{"name":"wp","href":"https:\/\/api.w.org\/{rel}","templated":true}]}}